{"id":82,"date":"2021-04-06T21:59:42","date_gmt":"2021-04-06T21:59:42","guid":{"rendered":"https:\/\/innovacloud.co\/?page_id=82"},"modified":"2021-04-11T22:52:55","modified_gmt":"2021-04-11T22:52:55","slug":"servicios","status":"publish","type":"page","link":"https:\/\/innovacloud.co\/?page_id=82","title":{"rendered":"Servicios"},"content":{"rendered":"<p>[et_pb_section fb_built=&#8221;1&#8243; _builder_version=&#8221;4.7.7&#8243; _module_preset=&#8221;default&#8221; custom_margin=&#8221;||-22px|||&#8221; custom_padding=&#8221;23px||22px|||&#8221;][et_pb_row _builder_version=&#8221;4.7.7&#8243; _module_preset=&#8221;default&#8221; min_height=&#8221;80px&#8221; custom_padding=&#8221;||0px|||&#8221;][et_pb_column type=&#8221;4_4&#8243; _builder_version=&#8221;4.7.7&#8243; _module_preset=&#8221;default&#8221;][et_pb_text _builder_version=&#8221;4.7.7&#8243; _module_preset=&#8221;default&#8221; min_height=&#8221;41px&#8221; custom_margin=&#8221;||13px|||&#8221;]<\/p>\n<h1 class=\"et_pb_module_header\" style=\"text-align: center;\"><strong>Potenciamos tu infraestructura TI<\/strong><\/h1>\n<div class=\"et_pb_blurb_description\">\u00a0<\/div>\n<p>[\/et_pb_text][et_pb_image src=&#8221;https:\/\/innovacloud.co\/cloud\/wp-content\/uploads\/2021\/04\/con-3.png&#8221; title_text=&#8221;con-3&#8243; align=&#8221;center&#8221; _builder_version=&#8221;4.7.7&#8243; _module_preset=&#8221;default&#8221;][\/et_pb_image][\/et_pb_column][\/et_pb_row][\/et_pb_section][et_pb_section fb_built=&#8221;1&#8243; _builder_version=&#8221;4.7.7&#8243; _module_preset=&#8221;default&#8221; width=&#8221;100%&#8221; max_width=&#8221;100%&#8221; module_alignment=&#8221;center&#8221; custom_margin=&#8221;0px||||false|false&#8221; custom_padding=&#8221;0px||123px||false|false&#8221;][et_pb_row _builder_version=&#8221;4.7.7&#8243; _module_preset=&#8221;default&#8221; custom_padding=&#8221;32px||12px|||&#8221;][et_pb_column type=&#8221;4_4&#8243; _builder_version=&#8221;4.7.7&#8243; _module_preset=&#8221;default&#8221;][et_pb_text _builder_version=&#8221;4.7.7&#8243; _module_preset=&#8221;default&#8221;]<\/p>\n<h3 style=\"text-align: center;\">Somos expertos en la repotenciaci\u00f3n y\/o creaci\u00f3n de infraestructuras TI, bajo las necesidades de tu empresa.<\/h3>\n<p>[\/et_pb_text][\/et_pb_column][\/et_pb_row][et_pb_row column_structure=&#8221;1_2,1_2&#8243; use_custom_gutter=&#8221;on&#8221; gutter_width=&#8221;2&#8243; _builder_version=&#8221;4.7.7&#8243; _module_preset=&#8221;default&#8221; width=&#8221;100%&#8221;][et_pb_column type=&#8221;1_2&#8243; _builder_version=&#8221;4.7.7&#8243; _module_preset=&#8221;default&#8221;][et_pb_blurb title=&#8221;Infraestructura TI&#8221; image=&#8221;https:\/\/innovacloud.co\/cloud\/wp-content\/uploads\/2021\/04\/ti-graficos-300&#215;169.png&#8221; _builder_version=&#8221;4.7.7&#8243; _module_preset=&#8221;default&#8221; header_level=&#8221;h2&#8243; header_font=&#8221;|700|||||||&#8221; header_text_align=&#8221;center&#8221; header_text_color=&#8221;#ffffff&#8221; body_text_align=&#8221;left&#8221; body_text_color=&#8221;#ffffff&#8221; body_font_size=&#8221;15px&#8221; background_color=&#8221;#ffffff&#8221; use_background_color_gradient=&#8221;on&#8221; custom_margin=&#8221;0px|0px|0px|0px|false|true&#8221; custom_padding=&#8221;50px|50px|50px|50px|false|true&#8221; border_radii=&#8221;on|5px|5px|5px|5px&#8221; box_shadow_style=&#8221;preset1&#8243; box_shadow_vertical=&#8221;6px&#8221;]<\/p>\n<ul>\n<li>Virtualizaci\u00f3n de servidor con (KVM, Proxmox, vmware esxi)<\/li>\n<li>Raid de discos duros por software<\/li>\n<li>Administraci\u00f3n de discos duros (vol\u00famenes l\u00f3gicos con zfs, lvm).<\/li>\n<li>Snapshot a las m\u00e1quinas virtuales.<\/li>\n<li>Copias de seguridad en Linux autom\u00e1ticas.<\/li>\n<li>Almacenamiento de archivo en la nube.<\/li>\n<li>Monitoreo de dispositivos y servicios.<\/li>\n<li>Servidor de clonaci\u00f3n de sistemas operativos en la red.<\/li>\n<li>Instalaci\u00f3n y configuraci\u00f3n de sistemas operativos Linux.<\/li>\n<\/ul>\n<p>[\/et_pb_blurb][\/et_pb_column][et_pb_column type=&#8221;1_2&#8243; _builder_version=&#8221;4.7.7&#8243; _module_preset=&#8221;default&#8221;][et_pb_blurb title=&#8221;Redes &#038; Telecomunicaciones&#8221; image=&#8221;https:\/\/innovacloud.co\/cloud\/wp-content\/uploads\/2021\/04\/network-300&#215;169.png&#8221; _builder_version=&#8221;4.7.7&#8243; _module_preset=&#8221;default&#8221; header_level=&#8221;h3&#8243; header_font=&#8221;|700|||||||&#8221; header_text_align=&#8221;center&#8221; header_text_color=&#8221;#ffffff&#8221; body_text_align=&#8221;left&#8221; body_text_color=&#8221;#ffffff&#8221; body_font_size=&#8221;15px&#8221; background_color=&#8221;#ffffff&#8221; use_background_color_gradient=&#8221;on&#8221; custom_margin=&#8221;0px|0px|0px|0px|false|true&#8221; custom_padding=&#8221;38px|50px|38px|50px|true|true&#8221; border_radii=&#8221;on|5px|5px|5px|5px&#8221; border_radii_image=&#8221;on|5px|5px|5px|5px&#8221; box_shadow_style=&#8221;preset1&#8243; box_shadow_vertical=&#8221;6px&#8221;]<\/p>\n<ul>\n<li>Configuraci\u00f3n de Router y switch hp, cisco, MikroTik<\/li>\n<li>Instalaci\u00f3n y configuraci\u00f3n de Windows server con sus roles:<br \/> &#8211; Dns<br \/> &#8211; Dhcp<br \/> &#8211; Active directory<br \/> &#8211; Radius<br \/> &#8211; Dfs<br \/> &#8211; Terminal server<br \/> &#8211; GPO<br \/> &#8211; Configuraci\u00f3n de firewall pfsense<br \/>&#8211; Telefon\u00eda IP<\/li>\n<\/ul>\n<p>[\/et_pb_blurb][\/et_pb_column][\/et_pb_row][et_pb_row _builder_version=&#8221;4.7.7&#8243; _module_preset=&#8221;default&#8221; column_structure=&#8221;1_4,1_2,1_4&#8243;][et_pb_column _builder_version=&#8221;4.7.7&#8243; _module_preset=&#8221;default&#8221; type=&#8221;1_4&#8243;][\/et_pb_column][et_pb_column _builder_version=&#8221;4.7.7&#8243; _module_preset=&#8221;default&#8221; type=&#8221;1_2&#8243;][et_pb_blurb title=&#8221;Green Smart&#8221; image=&#8221;https:\/\/innovacloud.co\/cloud\/wp-content\/uploads\/2021\/04\/post-web-300&#215;300.png&#8221; _builder_version=&#8221;4.7.7&#8243; _module_preset=&#8221;default&#8221; header_level=&#8221;h2&#8243; header_font=&#8221;|700|||||||&#8221; header_text_align=&#8221;center&#8221; header_text_color=&#8221;#ffffff&#8221; body_text_align=&#8221;left&#8221; body_text_color=&#8221;#ffffff&#8221; body_font_size=&#8221;15px&#8221; background_color=&#8221;#ffffff&#8221; use_background_color_gradient=&#8221;on&#8221; custom_margin=&#8221;0px|0px|0px|0px|false|true&#8221; custom_padding=&#8221;50px|50px|50px|50px|false|true&#8221; hover_enabled=&#8221;0&#8243; border_radii=&#8221;on|5px|5px|5px|5px&#8221; box_shadow_style=&#8221;preset1&#8243; box_shadow_vertical=&#8221;6px&#8221; title_text=&#8221;post-web&#8221; sticky_enabled=&#8221;0&#8243;]Cloud Technologys y sus plataformas educativas apoyan y trabajan con las instituciones que utilizan tecnolog\u00edas limpias y amigables con el medio ambiente.[\/et_pb_blurb][\/et_pb_column][et_pb_column _builder_version=&#8221;4.7.7&#8243; _module_preset=&#8221;default&#8221; type=&#8221;1_4&#8243;][\/et_pb_column][\/et_pb_row][\/et_pb_section]<\/p>\n","protected":false},"excerpt":{"rendered":"<p>[et_pb_section fb_built=&#8221;1&#8243; _builder_version=&#8221;4.7.7&#8243; _module_preset=&#8221;default&#8221; custom_margin=&#8221;||-22px|||&#8221; custom_padding=&#8221;23px||22px|||&#8221;][et_pb_row _builder_version=&#8221;4.7.7&#8243; _module_preset=&#8221;default&#8221; min_height=&#8221;80px&#8221; custom_padding=&#8221;||0px|||&#8221;][et_pb_column type=&#8221;4_4&#8243; _builder_version=&#8221;4.7.7&#8243; _module_preset=&#8221;default&#8221;][et_pb_text _builder_version=&#8221;4.7.7&#8243; _module_preset=&#8221;default&#8221; min_height=&#8221;41px&#8221; custom_margin=&#8221;||13px|||&#8221;] Potenciamos tu infraestructura TI \u00a0 [\/et_pb_text][et_pb_image src=&#8221;https:\/\/innovacloud.co\/cloud\/wp-content\/uploads\/2021\/04\/con-3.png&#8221; title_text=&#8221;con-3&#8243; align=&#8221;center&#8221; _builder_version=&#8221;4.7.7&#8243; _module_preset=&#8221;default&#8221;][\/et_pb_image][\/et_pb_column][\/et_pb_row][\/et_pb_section][et_pb_section fb_built=&#8221;1&#8243; _builder_version=&#8221;4.7.7&#8243; _module_preset=&#8221;default&#8221; width=&#8221;100%&#8221; max_width=&#8221;100%&#8221; module_alignment=&#8221;center&#8221; custom_margin=&#8221;0px||||false|false&#8221; custom_padding=&#8221;0px||123px||false|false&#8221;][et_pb_row _builder_version=&#8221;4.7.7&#8243; _module_preset=&#8221;default&#8221; custom_padding=&#8221;32px||12px|||&#8221;][et_pb_column type=&#8221;4_4&#8243; _builder_version=&#8221;4.7.7&#8243; _module_preset=&#8221;default&#8221;][et_pb_text _builder_version=&#8221;4.7.7&#8243; _module_preset=&#8221;default&#8221;] Somos expertos en la repotenciaci\u00f3n y\/o creaci\u00f3n de infraestructuras TI, bajo [&hellip;]<\/p>\n","protected":false},"author":1,"featured_media":0,"parent":0,"menu_order":0,"comment_status":"closed","ping_status":"closed","template":"","meta":{"_et_pb_use_builder":"on","_et_pb_old_content":"","_et_gb_content_width":"","footnotes":""},"class_list":["post-82","page","type-page","status-publish","hentry"],"_links":{"self":[{"href":"https:\/\/innovacloud.co\/index.php?rest_route=\/wp\/v2\/pages\/82","targetHints":{"allow":["GET"]}}],"collection":[{"href":"https:\/\/innovacloud.co\/index.php?rest_route=\/wp\/v2\/pages"}],"about":[{"href":"https:\/\/innovacloud.co\/index.php?rest_route=\/wp\/v2\/types\/page"}],"author":[{"embeddable":true,"href":"https:\/\/innovacloud.co\/index.php?rest_route=\/wp\/v2\/users\/1"}],"replies":[{"embeddable":true,"href":"https:\/\/innovacloud.co\/index.php?rest_route=%2Fwp%2Fv2%2Fcomments&post=82"}],"version-history":[{"count":18,"href":"https:\/\/innovacloud.co\/index.php?rest_route=\/wp\/v2\/pages\/82\/revisions"}],"predecessor-version":[{"id":175,"href":"https:\/\/innovacloud.co\/index.php?rest_route=\/wp\/v2\/pages\/82\/revisions\/175"}],"wp:attachment":[{"href":"https:\/\/innovacloud.co\/index.php?rest_route=%2Fwp%2Fv2%2Fmedia&parent=82"}],"curies":[{"name":"wp","href":"https:\/\/api.w.org\/{rel}","templated":true}]}}